{"id":17,"date":"2025-12-03T16:58:56","date_gmt":"2025-12-03T15:58:56","guid":{"rendered":"https:\/\/connexia-partenaires.fr\/?page_id=17"},"modified":"2025-12-03T16:58:56","modified_gmt":"2025-12-03T15:58:56","slug":"accueil","status":"publish","type":"page","link":"https:\/\/connexia-partenaires.fr\/index.php\/accueil\/","title":{"rendered":"Accueil"},"content":{"rendered":"\n<p>Connexia Partenaires<br>Cr\u00e9er les connexions qui font grandir les entreprises.<\/p>\n\n\n\n<p>Connexia Partenaires est sp\u00e9cialis\u00e9e dans la mise en relation professionnelle et l\u2019apport d\u2019affaires B2B. Notre mission : identifier les bons acteurs au bon moment, pour g\u00e9n\u00e9rer des opportunit\u00e9s concr\u00e8tes.<\/p>\n","protected":false},"excerpt":{"rendered":"<p>Connexia PartenairesCr\u00e9er les connexions qui font grandir les entreprises. Connexia Partenaires est sp\u00e9cialis\u00e9e dans la mise en relation professionnelle et l\u2019apport d\u2019affaires B2B. Notre mission : identifier les bons acteurs au bon moment, pour g\u00e9n\u00e9rer des opportunit\u00e9s concr\u00e8tes.<\/p>\n","protected":false},"author":1,"featured_media":0,"parent":0,"menu_order":0,"comment_status":"closed","ping_status":"closed","template":"","meta":{"footnotes":""},"class_list":["post-17","page","type-page","status-publish","hentry"],"_links":{"self":[{"href":"https:\/\/connexia-partenaires.fr\/index.php\/wp-json\/wp\/v2\/pages\/17","targetHints":{"allow":["GET"]}}],"collection":[{"href":"https:\/\/connexia-partenaires.fr\/index.php\/wp-json\/wp\/v2\/pages"}],"about":[{"href":"https:\/\/connexia-partenaires.fr\/index.php\/wp-json\/wp\/v2\/types\/page"}],"author":[{"embeddable":true,"href":"https:\/\/connexia-partenaires.fr\/index.php\/wp-json\/wp\/v2\/users\/1"}],"replies":[{"embeddable":true,"href":"https:\/\/connexia-partenaires.fr\/index.php\/wp-json\/wp\/v2\/comments?post=17"}],"version-history":[{"count":1,"href":"https:\/\/connexia-partenaires.fr\/index.php\/wp-json\/wp\/v2\/pages\/17\/revisions"}],"predecessor-version":[{"id":18,"href":"https:\/\/connexia-partenaires.fr\/index.php\/wp-json\/wp\/v2\/pages\/17\/revisions\/18"}],"wp:attachment":[{"href":"https:\/\/connexia-partenaires.fr\/index.php\/wp-json\/wp\/v2\/media?parent=17"}],"curies":[{"name":"wp","href":"https:\/\/api.w.org\/{rel}","templated":true}]}}