{"id":21,"date":"2025-12-03T17:03:58","date_gmt":"2025-12-03T16:03:58","guid":{"rendered":"https:\/\/connexia-partenaires.fr\/?page_id=21"},"modified":"2025-12-03T17:03:59","modified_gmt":"2025-12-03T16:03:59","slug":"methode","status":"publish","type":"page","link":"https:\/\/connexia-partenaires.fr\/index.php\/methode\/","title":{"rendered":"M\u00e9thode"},"content":{"rendered":"\n<p>NOTRE M\u00c9THODE<\/p>\n\n\n\n<ol class=\"wp-block-list\">\n<li>Compr\u00e9hension<\/li>\n\n\n\n<li>Qualification<\/li>\n\n\n\n<li>Mise en relation<br>Une approche simple, structur\u00e9e et orient\u00e9e r\u00e9sultats.<\/li>\n<\/ol>\n","protected":false},"excerpt":{"rendered":"<p>NOTRE M\u00c9THODE<\/p>\n","protected":false},"author":1,"featured_media":0,"parent":0,"menu_order":0,"comment_status":"closed","ping_status":"closed","template":"","meta":{"footnotes":""},"class_list":["post-21","page","type-page","status-publish","hentry"],"_links":{"self":[{"href":"https:\/\/connexia-partenaires.fr\/index.php\/wp-json\/wp\/v2\/pages\/21","targetHints":{"allow":["GET"]}}],"collection":[{"href":"https:\/\/connexia-partenaires.fr\/index.php\/wp-json\/wp\/v2\/pages"}],"about":[{"href":"https:\/\/connexia-partenaires.fr\/index.php\/wp-json\/wp\/v2\/types\/page"}],"author":[{"embeddable":true,"href":"https:\/\/connexia-partenaires.fr\/index.php\/wp-json\/wp\/v2\/users\/1"}],"replies":[{"embeddable":true,"href":"https:\/\/connexia-partenaires.fr\/index.php\/wp-json\/wp\/v2\/comments?post=21"}],"version-history":[{"count":1,"href":"https:\/\/connexia-partenaires.fr\/index.php\/wp-json\/wp\/v2\/pages\/21\/revisions"}],"predecessor-version":[{"id":24,"href":"https:\/\/connexia-partenaires.fr\/index.php\/wp-json\/wp\/v2\/pages\/21\/revisions\/24"}],"wp:attachment":[{"href":"https:\/\/connexia-partenaires.fr\/index.php\/wp-json\/wp\/v2\/media?parent=21"}],"curies":[{"name":"wp","href":"https:\/\/api.w.org\/{rel}","templated":true}]}}